{"id":34622,"date":"2026-02-09T09:48:18","date_gmt":"2026-02-09T08:48:18","guid":{"rendered":"https:\/\/museeartetdechirure.jfguillou.fr\/?page_id=34622"},"modified":"2026-02-13T14:10:12","modified_gmt":"2026-02-13T13:10:12","slug":"catherine-bourdier","status":"publish","type":"page","link":"https:\/\/museeartetdechirure.jfguillou.fr\/index.php\/catherine-bourdier\/","title":{"rendered":"Catherine BOURDIER"},"content":{"rendered":"\n<figure class=\"wp-block-image size-large\"><a href=\"https:\/\/museeartetdechirure.jfguillou.fr\/wp-content\/uploads\/2026\/02\/Capture-decran-2023-11-07-a-08.37.53.jpg\" target=\"_blank\" rel=\"noreferrer noopener\"><img loading=\"lazy\" decoding=\"async\" width=\"1024\" height=\"988\" src=\"https:\/\/museeartetdechirure.jfguillou.fr\/wp-content\/uploads\/2026\/02\/Capture-decran-2023-11-07-a-08.37.53-1024x988.jpg\" alt=\"\" class=\"wp-image-34700\" srcset=\"https:\/\/museeartetdechirure.jfguillou.fr\/wp-content\/uploads\/2026\/02\/Capture-decran-2023-11-07-a-08.37.53-1024x988.jpg 1024w, https:\/\/museeartetdechirure.jfguillou.fr\/wp-content\/uploads\/2026\/02\/Capture-decran-2023-11-07-a-08.37.53-300x290.jpg 300w, https:\/\/museeartetdechirure.jfguillou.fr\/wp-content\/uploads\/2026\/02\/Capture-decran-2023-11-07-a-08.37.53-768x741.jpg 768w, https:\/\/museeartetdechirure.jfguillou.fr\/wp-content\/uploads\/2026\/02\/Capture-decran-2023-11-07-a-08.37.53.jpg 1380w\" sizes=\"auto, (max-width: 1024px) 100vw, 1024px\" \/><\/a><figcaption class=\"wp-element-caption\"><sup><a href=\"https:\/\/www.catherine-bourdier.com\/\" target=\"_blank\" rel=\"noreferrer noopener\">Catherine BOURDIER<\/a>, <em>Petit Mari croquant<\/em>, sculpture, sali\u00e8re sur socle en bois, 11 x 15 x 15 cm, collection Mus\u00e9e Art et D\u00e9chirure, photo JFG<\/sup><\/figcaption><\/figure>\n\n\n\n<p><strong>Extrait du Catalogue du festival Art et D\u00e9chirure 2019 :<\/strong><\/p>\n\n\n\n<p>Catherine Bourdier, <em>sculpteuse de l\u2019invisible, <\/em>observe, d\u00e9couvre et mat\u00e9rialise des mondes oubli\u00e9s pour les rendre accessibles \u00e0 l\u2019esprit. Simples \u00e9ph\u00e9m\u00e8res, instantan\u00e9s de la vie ordinaire, introspections po\u00e9tiques, ils se d\u00e9voilent entre mouvements et r\u00e9cits.<br>De la miniature \u00e0 la taille humaine, ses sculptures figuratives aux expressivit\u00e9s corporelles g\u00e9n\u00e9reuses et singuli\u00e8res \u00e9veillent curiosit\u00e9, avivent les sens et suscitent les rencontres.<br>Traces, espaces int\u00e9rieurs et \u00e9critures sont essentielles dans la cr\u00e9ation de cette artiste. Elles invitent \u00e0 d\u00e9passer le simple volume en ouvrant une 4\u00e8me dimension o\u00f9 chacun peut \u00e0 sa guise entrer, explorer et r\u00eaver en r\u00e9sonance avec ses propres chim\u00e8res.<br>Mati\u00e8res et mat\u00e9riaux (c\u00e9ramique \u00e0 froid, m\u00e9tal, treillis, papier, argile, r\u00e9sine, tissu, pigments, bronze, cire \u2026) s\u2019enchev\u00eatrent de fa\u00e7on habile et ludique dans ses \u0153uvres.<\/p>\n","protected":false},"excerpt":{"rendered":"<p>Extrait du Catalogue du festival Art et D\u00e9chirure 2019 : Catherine Bourdier, sculpteuse de l\u2019invisible, observe, d\u00e9couvre et mat\u00e9rialise des mondes oubli\u00e9s pour les rendre accessibles \u00e0 l\u2019esprit. Simples \u00e9ph\u00e9m\u00e8res, instantan\u00e9s de la vie ordinaire, introspections po\u00e9tiques, ils se d\u00e9voilent&#8230; <a href=\"https:\/\/museeartetdechirure.jfguillou.fr\/index.php\/catherine-bourdier\/\">Continue reading<\/a><\/p>\n","protected":false},"author":1,"featured_media":0,"parent":0,"menu_order":0,"comment_status":"closed","ping_status":"closed","template":"","meta":{"footnotes":""},"class_list":["post-34622","page","type-page","status-publish","hentry"],"_links":{"self":[{"href":"https:\/\/museeartetdechirure.jfguillou.fr\/index.php\/wp-json\/wp\/v2\/pages\/34622","targetHints":{"allow":["GET"]}}],"collection":[{"href":"https:\/\/museeartetdechirure.jfguillou.fr\/index.php\/wp-json\/wp\/v2\/pages"}],"about":[{"href":"https:\/\/museeartetdechirure.jfguillou.fr\/index.php\/wp-json\/wp\/v2\/types\/page"}],"author":[{"embeddable":true,"href":"https:\/\/museeartetdechirure.jfguillou.fr\/index.php\/wp-json\/wp\/v2\/users\/1"}],"replies":[{"embeddable":true,"href":"https:\/\/museeartetdechirure.jfguillou.fr\/index.php\/wp-json\/wp\/v2\/comments?post=34622"}],"version-history":[{"count":3,"href":"https:\/\/museeartetdechirure.jfguillou.fr\/index.php\/wp-json\/wp\/v2\/pages\/34622\/revisions"}],"predecessor-version":[{"id":34702,"href":"https:\/\/museeartetdechirure.jfguillou.fr\/index.php\/wp-json\/wp\/v2\/pages\/34622\/revisions\/34702"}],"wp:attachment":[{"href":"https:\/\/museeartetdechirure.jfguillou.fr\/index.php\/wp-json\/wp\/v2\/media?parent=34622"}],"curies":[{"name":"wp","href":"https:\/\/api.w.org\/{rel}","templated":true}]}}