{"id":33994,"date":"2026-02-05T11:02:45","date_gmt":"2026-02-05T10:02:45","guid":{"rendered":"https:\/\/museeartetdechirure.jfguillou.fr\/?page_id=33994"},"modified":"2026-02-17T12:31:42","modified_gmt":"2026-02-17T11:31:42","slug":"accueil","status":"publish","type":"page","link":"https:\/\/museeartetdechirure.jfguillou.fr\/","title":{"rendered":"Un regard sur&#8230;"},"content":{"rendered":"\n<p>le mus\u00e9e Art et D\u00e9chirure<\/p>\n\n\n\n<figure class=\"wp-block-image size-large\"><a href=\"https:\/\/museeartetdechirure.jfguillou.fr\/wp-content\/uploads\/2022\/12\/IMG_3213-scaled-1.jpeg\"><img loading=\"lazy\" decoding=\"async\" width=\"1024\" height=\"768\" src=\"https:\/\/museeartetdechirure.jfguillou.fr\/wp-content\/uploads\/2022\/12\/IMG_3213-scaled-1-1024x768.jpeg\" alt=\"mus\u00e9e art et d\u00e9chirure Sotteville Rouen\" class=\"wp-image-345\" srcset=\"https:\/\/museeartetdechirure.jfguillou.fr\/wp-content\/uploads\/2022\/12\/IMG_3213-scaled-1-1024x768.jpeg 1024w, https:\/\/museeartetdechirure.jfguillou.fr\/wp-content\/uploads\/2022\/12\/IMG_3213-scaled-1-300x225.jpeg 300w, https:\/\/museeartetdechirure.jfguillou.fr\/wp-content\/uploads\/2022\/12\/IMG_3213-scaled-1-768x576.jpeg 768w, https:\/\/museeartetdechirure.jfguillou.fr\/wp-content\/uploads\/2022\/12\/IMG_3213-scaled-1-1536x1152.jpeg 1536w, https:\/\/museeartetdechirure.jfguillou.fr\/wp-content\/uploads\/2022\/12\/IMG_3213-scaled-1-2048x1536.jpeg 2048w\" sizes=\"auto, (max-width: 1024px) 100vw, 1024px\" \/><\/a><\/figure>\n\n\n\n<p><\/p>\n\n\n\n<figure class=\"wp-block-embed is-type-video is-provider-vimeo wp-block-embed-vimeo wp-embed-aspect-16-9 wp-has-aspect-ratio\"><div class=\"wp-block-embed__wrapper\">\n<iframe loading=\"lazy\" title=\"Mus\u00e9e Art &amp; D\u00e9chirure\" src=\"https:\/\/player.vimeo.com\/video\/371588806?dnt=1&amp;app_id=122963\" width=\"600\" height=\"338\" frameborder=\"0\" allow=\"autoplay; fullscreen; picture-in-picture; clipboard-write; encrypted-media; web-share\" referrerpolicy=\"strict-origin-when-cross-origin\"><\/iframe>\n<\/div><\/figure>\n\n\n\n<p><sup>2019 &#8211; Dans le cadre de leurs \u00e9tudes, les lyc\u00e9ens du lyc\u00e9e Pierre Corneille de Rouen avaient r\u00e9alis\u00e9 un film sur le mus\u00e9e \u00e0 l\u2019occasion du dernier Festival Art et D\u00e9chirure en 2019.<br>R\u00e9alisation J.-L. Salmen \u2013 STS AV Corneille Rouen 2019<\/sup><\/p>\n","protected":false},"excerpt":{"rendered":"<p>le mus\u00e9e Art et D\u00e9chirure 2019 &#8211; Dans le cadre de leurs \u00e9tudes, les lyc\u00e9ens du lyc\u00e9e Pierre Corneille de Rouen avaient r\u00e9alis\u00e9 un film sur le mus\u00e9e \u00e0 l\u2019occasion du dernier Festival Art et D\u00e9chirure en 2019.R\u00e9alisation J.-L. Salmen&#8230; <a href=\"https:\/\/museeartetdechirure.jfguillou.fr\/\">Continue reading<\/a><\/p>\n","protected":false},"author":1,"featured_media":0,"parent":0,"menu_order":0,"comment_status":"closed","ping_status":"closed","template":"","meta":{"footnotes":""},"class_list":["post-33994","page","type-page","status-publish","hentry"],"_links":{"self":[{"href":"https:\/\/museeartetdechirure.jfguillou.fr\/index.php\/wp-json\/wp\/v2\/pages\/33994","targetHints":{"allow":["GET"]}}],"collection":[{"href":"https:\/\/museeartetdechirure.jfguillou.fr\/index.php\/wp-json\/wp\/v2\/pages"}],"about":[{"href":"https:\/\/museeartetdechirure.jfguillou.fr\/index.php\/wp-json\/wp\/v2\/types\/page"}],"author":[{"embeddable":true,"href":"https:\/\/museeartetdechirure.jfguillou.fr\/index.php\/wp-json\/wp\/v2\/users\/1"}],"replies":[{"embeddable":true,"href":"https:\/\/museeartetdechirure.jfguillou.fr\/index.php\/wp-json\/wp\/v2\/comments?post=33994"}],"version-history":[{"count":9,"href":"https:\/\/museeartetdechirure.jfguillou.fr\/index.php\/wp-json\/wp\/v2\/pages\/33994\/revisions"}],"predecessor-version":[{"id":34747,"href":"https:\/\/museeartetdechirure.jfguillou.fr\/index.php\/wp-json\/wp\/v2\/pages\/33994\/revisions\/34747"}],"wp:attachment":[{"href":"https:\/\/museeartetdechirure.jfguillou.fr\/index.php\/wp-json\/wp\/v2\/media?parent=33994"}],"curies":[{"name":"wp","href":"https:\/\/api.w.org\/{rel}","templated":true}]}}